{"id":168,"date":"2022-07-21T11:45:53","date_gmt":"2022-07-21T11:45:53","guid":{"rendered":"http:\/\/www.pankow.pl\/?page_id=168"},"modified":"2022-08-04T14:06:40","modified_gmt":"2022-08-04T14:06:40","slug":"o-mnie","status":"publish","type":"page","link":"http:\/\/www.pankow.pl\/index.php\/o-mnie\/","title":{"rendered":"O mnie"},"content":{"rendered":"\n<p class=\"has-text-align-center\">Czytelniku zagl\u0105daj\u0105c na t\u0119 stron\u0119 spodziewasz si\u0119 pewnie znale\u017a\u0107 tutaj informacje o mnie, o tym kim jestem, co robi\u0119, po co to robi\u0119, jak to robi\u0119, czy mam kwalifikacje \u017ceby to robi\u0107 i czy m\u00f3g\u0142bym to robi\u0107 r\u00f3wnie\u017c dla Ciebie.<\/p>\n\n\n\n<p class=\"has-text-align-center\">By\u0107 mo\u017ce faktycznie powinienm napisa\u0107 co\u015b w rodzaju \u201etrener personalny, coach rozwoju osobistego, masa\u017cysta, zawodnik\u2026\u201d i za\u0142\u0105czy\u0107 zdj\u0119cia certyfikat\u00f3w&#8230; hmm&#8230; Tak robi\u0105 wszyscy inni trenerzy, ale\u2026 ja nie jestem jak wszyscy inni.<\/p>\n\n\n\n<p class=\"has-text-align-center\">Nie b\u0119dzie to przejaw autozajebisto\u015bci kiedy napisz\u0119, \u017ce wyr\u00f3\u017cniam si\u0119 na tle kole\u017canek i koleg\u00f3w i to zdecydowanie na plus, z kilku wa\u017cnych dla Ciebie powod\u00f3w. Wiedza poparta wieloletnim do\u015bwiadczeniem, pasja po\u0142\u0105czona z zaanga\u017cowaniem, nastawienie na cel i konsekwencja, umiej\u0119tno\u015b\u0107 zmotywowania i\u2026 rozbawienia podopiecznego, sta\u0142e d\u0105\u017cenie do bycia lepszym trenerem i sportowcem \u2013 tak mo\u017cna podsumowa\u0107 m\u00f3j spos\u00f3b na \u017cycie i prac\u0119. Uwa\u017cam, \u017ce albo trzeba robi\u0107 to co si\u0119 akurat robi najlepiej jak si\u0119 potrafi albo nale\u017cy przesta\u0107 to robi\u0107.  Dok\u0142adnie tak podchodz\u0119 do trenowania i &#8222;naprawiania&#8221;ludzi \u2013 bardzo personalnie i bardzo profesjonalnie. Mia\u0142em szcz\u0119\u015bcie urodzi\u0107 si\u0119 i dorasta\u0107 przed \u201eepok\u0105 wirtualn\u0105\u201d kiedy wszystko by\u0142o \u201eprawdziwe\u201d i liczy\u0142a si\u0119 zawarto\u015b\u0107: jako\u015b\u0107 i trwa\u0142o\u015b\u0107, a nie \u0142adne opakowanie i agresywna reklama i to jest w\u0142a\u015bnie moja droga. Ka\u017cdego podopiecznego czy pacjenta traktuj\u0119 w spos\u00f3b indywidualny, zawsze anga\u017cuj\u0119 100% swojej wiedzy i do\u015bwiadczenia i zawsze bior\u0119 odpowiedzialno\u015b\u0107 za osi\u0105gni\u0119cie za\u0142o\u017conych wsp\u00f3lnie cel\u00f3w!<\/p>\n\n\n\n<p class=\"has-text-align-center\">Pozw\u00f3lcie, \u017ce pos\u0142u\u017c\u0119 sie s\u0142owami ludzi, z kt\u00f3rymi biega\u0142em, trenowa\u0142em i pracowa\u0142em aby pokaza\u0107 Wam kim jestem\u2026 Marcin to:<\/p>\n\n\n\n<p class=\"has-text-align-center\">Cz\u0142owiek z kevlaru\u2026<\/p>\n\n\n\n<p class=\"has-text-align-center\">Cz\u0142owiek, kt\u00f3ry nie rozumie co to jest strefa komfortu\u2026<\/p>\n\n\n\n<p class=\"has-text-align-center\">Cz\u0142owiek sfokusowany na celu, kt\u00f3ry zawsze wymaga od siebie i od swoich podopiecznych maksymalnego zaanga\u017cowania i wysi\u0142ku, kt\u00f3ry nigdy si\u0119 nie poddaje i nie pozwala podda\u0107 si\u0119 swoim podopiecznym\u2026<\/p>\n\n\n\n<p class=\"has-text-align-center\">Trener, kt\u00f3ry na pierwszym miejscu stawia zdrowie, sprawno\u015b\u0107 i funkcjonalno\u015b\u0107\u2026<\/p>\n\n\n\n<p class=\"has-text-align-center\">Trener, na kt\u00f3rego pytania odpowiada si\u0119 z przekonaniem, \u017ce ka\u017cda odpowied\u017a, jaka by nie by\u0142a i tak doprowadzi do t\u0119tna 190 (opr\u00f3cz pierwszego razu, bo wtedy jeszcze si\u0119 tego nie wie)\u2026<\/p>\n\n\n\n<p class=\"has-text-align-center\">Trener, kt\u00f3ry zawsze m\u00f3wi \u201emy\u201d nawet je\u015bli burpee, wallball\u2019e i scyzoryki robi tylko jego podopieczny\u2026<\/p>\n\n\n\n<p class=\"has-text-align-center\">Trener, kt\u00f3ry potrafi bez zmru\u017cenia oka 15 razy powt\u00f3rzy\u0107 \u201ejeszcze dwa\u201d\u2026 dla jasno\u015bci, wszystkie 15 razy w jednej i tej samej serii\u2026<\/p>\n\n\n\n<p class=\"has-text-align-center\">Cz\u0142owiek, kt\u00f3ry przebiega ze swoim podopiecznym maraton, \u017ceby mie\u0107 pewno\u015b\u0107, \u017ce ten nie zrobi sobie \u201ekuku\u201d na trasie, je\u015bli to za ma\u0142o przebiega 100 km&#8230;<\/p>\n\n\n\n<p class=\"has-text-align-center\">Masa\u017cysta, kt\u00f3ry \u015bwietnie czuje tkanki i kt\u00f3ry zawsze trafia we w\u0142a\u015bciwe miejsce (tak m\u00f3wi\u0105 pacjenci, sam bym tego nie wymy\u015bli\u0142)\u2026<\/p>\n\n\n\n<p class=\"has-text-align-center\">No i dla formalno\u015bci, cz\u0142owiek, kt\u00f3ry posiada mi\u0119dzynarodowe certyfikaty trenera personalnego, coacha ICF i masa\u017cysty oraz dwudziestoletnie do\u015bwiadczenie jako zawodnik i zawsze ch\u0119tnie dzieli si\u0119 wiedz\u0105 i do\u015bwiadczeniem, jak r\u00f3wnie\u017c osobistymi prze\u017cyciami zwi\u0105zanymi ze startami w zawodach\u2026<\/p>\n\n\n\n<p class=\"has-text-align-center\">Powa\u017cnie m\u00f3wi\u0105c uprawianie sportu, trenowanie i masowanie to moja wielka pasja, je\u015bli tylko masz ochot\u0119 z przyjemno\u015bci\u0105 podziel\u0119 si\u0119 ni\u0105 z Tob\u0105, zapraszam!<\/p>\n","protected":false},"excerpt":{"rendered":"<p>Czytelniku zagl\u0105daj\u0105c na t\u0119 stron\u0119 spodziewasz si\u0119 pewnie znale\u017a\u0107 tutaj informacje o mnie, o tym kim jestem, co robi\u0119, po&hellip;<\/p>\n","protected":false},"author":1,"featured_media":169,"parent":0,"menu_order":0,"comment_status":"closed","ping_status":"closed","template":"","meta":[],"_links":{"self":[{"href":"http:\/\/www.pankow.pl\/index.php\/wp-json\/wp\/v2\/pages\/168"}],"collection":[{"href":"http:\/\/www.pankow.pl\/index.php\/wp-json\/wp\/v2\/pages"}],"about":[{"href":"http:\/\/www.pankow.pl\/index.php\/wp-json\/wp\/v2\/types\/page"}],"author":[{"embeddable":true,"href":"http:\/\/www.pankow.pl\/index.php\/wp-json\/wp\/v2\/users\/1"}],"replies":[{"embeddable":true,"href":"http:\/\/www.pankow.pl\/index.php\/wp-json\/wp\/v2\/comments?post=168"}],"version-history":[{"count":3,"href":"http:\/\/www.pankow.pl\/index.php\/wp-json\/wp\/v2\/pages\/168\/revisions"}],"predecessor-version":[{"id":200,"href":"http:\/\/www.pankow.pl\/index.php\/wp-json\/wp\/v2\/pages\/168\/revisions\/200"}],"wp:featuredmedia":[{"embeddable":true,"href":"http:\/\/www.pankow.pl\/index.php\/wp-json\/wp\/v2\/media\/169"}],"wp:attachment":[{"href":"http:\/\/www.pankow.pl\/index.php\/wp-json\/wp\/v2\/media?parent=168"}],"curies":[{"name":"wp","href":"https:\/\/api.w.org\/{rel}","templated":true}]}}